{"id":1884,"date":"2025-02-03T20:20:34","date_gmt":"2025-02-03T20:20:34","guid":{"rendered":"https:\/\/fredymassad.com\/?post_type=product&#038;p=1884"},"modified":"2025-02-18T20:19:55","modified_gmt":"2025-02-18T20:19:55","slug":"la-viga-en-el-ojo-escritos-a-tiempo","status":"publish","type":"product","link":"https:\/\/fredymassad.com\/en\/producto\/la-viga-en-el-ojo-escritos-a-tiempo\/","title":{"rendered":"La viga en el ojo. <\/br>Escritos a tiempo"},"content":{"rendered":"<p>Este libro recoge una selecci\u00f3n de art\u00edculos que fueron escritos entre 2008 y 2015, como an\u00e1lisis elaborados a tiempo real sobre un presente donde la pleites\u00eda al star-system arquitect\u00f3nico y la idolatr\u00eda a los edificios-\u00edcono dejaban vac\u00edo de contenido al pensamiento cr\u00edtico sobre la arquitectura. Cada uno de estos textos surg\u00eda de una actitud de resistencia, de una llamada a reaccionar a esa realidad cada vez m\u00e1s sometida al flujo de lo veloz y la banalizaci\u00f3n.<\/p>\n","protected":false},"excerpt":{"rendered":"<p>La viga en el ojo. Escritos a tiempo. Ediciones Asim\u00e9tricas, Madrid, 2015.<\/p>\n","protected":false},"featured_media":1885,"template":"","meta":[],"product_brand":[],"product_cat":[36],"product_tag":[],"class_list":{"0":"post-1884","1":"product","2":"type-product","3":"status-publish","4":"has-post-thumbnail","6":"product_cat-libros","8":"first","9":"instock","10":"taxable","11":"shipping-taxable","12":"purchasable","13":"product-type-simple"},"_links":{"self":[{"href":"https:\/\/fredymassad.com\/en\/wp-json\/wp\/v2\/product\/1884","targetHints":{"allow":["GET"]}}],"collection":[{"href":"https:\/\/fredymassad.com\/en\/wp-json\/wp\/v2\/product"}],"about":[{"href":"https:\/\/fredymassad.com\/en\/wp-json\/wp\/v2\/types\/product"}],"wp:featuredmedia":[{"embeddable":true,"href":"https:\/\/fredymassad.com\/en\/wp-json\/wp\/v2\/media\/1885"}],"wp:attachment":[{"href":"https:\/\/fredymassad.com\/en\/wp-json\/wp\/v2\/media?parent=1884"}],"wp:term":[{"taxonomy":"product_brand","embeddable":true,"href":"https:\/\/fredymassad.com\/en\/wp-json\/wp\/v2\/product_brand?post=1884"},{"taxonomy":"product_cat","embeddable":true,"href":"https:\/\/fredymassad.com\/en\/wp-json\/wp\/v2\/product_cat?post=1884"},{"taxonomy":"product_tag","embeddable":true,"href":"https:\/\/fredymassad.com\/en\/wp-json\/wp\/v2\/product_tag?post=1884"}],"curies":[{"name":"wp","href":"https:\/\/api.w.org\/{rel}","templated":true}]}}