{"id":1788,"date":"2025-02-03T18:58:45","date_gmt":"2025-02-03T18:58:45","guid":{"rendered":"https:\/\/fredymassad.com\/?post_type=product&#038;p=1788"},"modified":"2025-02-18T20:26:49","modified_gmt":"2025-02-18T20:26:49","slug":"critica-de-choque","status":"publish","type":"product","link":"https:\/\/fredymassad.com\/en\/producto\/critica-de-choque\/","title":{"rendered":"Cr\u00edtica de choque"},"content":{"rendered":"<div class=\"elementor-element elementor-element-2f79650 elementor-widget elementor-widget-text-editor\" data-id=\"2f79650\" data-element_type=\"widget\" data-widget_type=\"text-editor.default\">\n<div class=\"elementor-widget-container\">\n<p>\u00abEl cr\u00edtico es como un caballero modernos que, con su palabra, expone los esqueletos detr\u00e1s de la maquinaria propagand\u00edstica que no cesa de generar productos que no desaf\u00edan al statu quo, para que todo se mueva sin que nada cambie. Massad transita los intersticios que dejan las poses de los aplaudidores o de los antisistema.\u00bb (Del pr\u00f3logo redactado por Edgardo C. Freysselinard.)<\/p>\n<\/div>\n<\/div>\n<div class=\"elementor-element elementor-element-f778a9e elementor-widget elementor-widget-text-editor\" data-id=\"f778a9e\" data-element_type=\"widget\" data-widget_type=\"text-editor.default\">\n<div class=\"elementor-widget-container\">\n<p>Cr\u00edtica de choque recibi\u00f3 el primer premio en la categor\u00eda \u201cEnsayo\u201d del XVII Premio SCA CPAU de Arquitectura Argentina.<\/p>\n<\/div>\n<\/div>\n","protected":false},"excerpt":{"rendered":"<p>Cr\u00edtica de choque, QUT Ediciones, Barcelona, 2018<\/p>\n","protected":false},"featured_media":1849,"template":"","meta":[],"product_brand":[],"product_cat":[36],"product_tag":[],"class_list":{"0":"post-1788","1":"product","2":"type-product","3":"status-publish","4":"has-post-thumbnail","6":"product_cat-libros","8":"first","9":"instock","10":"taxable","11":"shipping-taxable","12":"purchasable","13":"product-type-simple"},"_links":{"self":[{"href":"https:\/\/fredymassad.com\/en\/wp-json\/wp\/v2\/product\/1788","targetHints":{"allow":["GET"]}}],"collection":[{"href":"https:\/\/fredymassad.com\/en\/wp-json\/wp\/v2\/product"}],"about":[{"href":"https:\/\/fredymassad.com\/en\/wp-json\/wp\/v2\/types\/product"}],"wp:featuredmedia":[{"embeddable":true,"href":"https:\/\/fredymassad.com\/en\/wp-json\/wp\/v2\/media\/1849"}],"wp:attachment":[{"href":"https:\/\/fredymassad.com\/en\/wp-json\/wp\/v2\/media?parent=1788"}],"wp:term":[{"taxonomy":"product_brand","embeddable":true,"href":"https:\/\/fredymassad.com\/en\/wp-json\/wp\/v2\/product_brand?post=1788"},{"taxonomy":"product_cat","embeddable":true,"href":"https:\/\/fredymassad.com\/en\/wp-json\/wp\/v2\/product_cat?post=1788"},{"taxonomy":"product_tag","embeddable":true,"href":"https:\/\/fredymassad.com\/en\/wp-json\/wp\/v2\/product_tag?post=1788"}],"curies":[{"name":"wp","href":"https:\/\/api.w.org\/{rel}","templated":true}]}}